{"id":564,"date":"2023-07-10T11:26:46","date_gmt":"2023-07-10T16:26:46","guid":{"rendered":"https:\/\/techgummybear.com\/?page_id=564"},"modified":"2023-07-10T11:37:11","modified_gmt":"2023-07-10T16:37:11","slug":"terminos-y-condiciones","status":"publish","type":"page","link":"https:\/\/techgummybear.com\/en\/terminos-y-condiciones\/","title":{"rendered":"Terms and conditions"},"content":{"rendered":"<div id=\"text-2347228344\" class=\"text\">\n\t\t\n\n<h1 style=\"font-weight: 400;\"><strong>Terms and conditions<\/strong><\/h1>\n<p>\u00a0<\/p>\n<p style=\"font-weight: 400;\">Los Presentes T\u00e9rminos y Condiciones (los \u201cT\u00e9rminos\u201d) son un contrato legal vinculante, y en el cual existe consentimiento entre usted y TECH GUMMY BEAR, S.A. DE C.V. ( en lo sucesivo \u201cTECH GUMMY BEAR\u201d), para se\u00f1alar los T\u00e9rminos que rigen el uso de los sitios web, las aplicaciones de TECH GUMMY BEAR por virtud de los cuales brinda sus servicios a trav\u00e9s de su Dominio Web web ubicado en TECH GUMMY BEAR.com (el &#8220;Dominio Web&#8221;) y a trav\u00e9s de sus aplicaciones m\u00f3viles colectivamente, dichos servicios, incluidas las nuevas funciones y aplicaciones, y el Dominio Web, el o en su caso los &#8220;Servicio (s)&#8221;, se encuentran sujetos a los siguientes T\u00e9rminos.<\/p>\n<p style=\"font-weight: 400;\"><strong>POSIBLES MODIFICACIONES<\/strong><\/p>\n<p style=\"font-weight: 400;\">TECH GUMMY BEAR se reserva el derecho de cambiar o modificar partes de estos T\u00e9rminos y Condiciones en cualquier momento mediante Publicaci\u00f3n en el Dominio Web, indicando la fecha en que estos t\u00e9rminos fueron revisados \u200b\u200bpor \u00faltima vez o mediante aviso a trav\u00e9s de correo electr\u00f3nico.<\/p>\n<p style=\"font-weight: 400;\">Cualquiera de estos cambios surtir\u00e1n efectos de forma inmediata, por lo que en caso de que Usted contin\u00fae usando el Dominio Web o cualquier plataforma de TECH GUMMY BEAR despu\u00e9s de la fecha en que dichos cambios entren en vigencia se entender\u00e1 que se encuentra conforme con las condiciones de uso.<\/p>\n<p style=\"font-weight: 400;\"><strong>USO DEL SERVICIO<\/strong><\/p>\n<p style=\"font-weight: 400;\">El Servicio de TECH GUMMY BEAR y cualquier contenido visto a trav\u00e9s de nuestro Dominio Web y plataformas es \u00fanicamente para su uso personal e intransferible por virtud del cual se proh\u00edbe cualquier otro acto de comercio.<\/p>\n<p style=\"font-weight: 400;\">Usted reconoce que TECH GUMMY BEAR puede establecer pr\u00e1cticas generales y l\u00edmites con respecto al uso del Servicio, incluido, entre otros, el per\u00edodo de tiempo que los datos y cualquier otro contenido que ser\u00e1 retenido por el Servicio y el espacio m\u00e1ximo de almacenamiento de cada Usuario. Por tanto, est\u00e1 conforme con que TECH GUMMY BEAR no tiene ninguna responsabilidad u obligaci\u00f3n por la eliminaci\u00f3n o falta de almacenamiento de datos u otro contenido mantenido o cargado por el Servicio o por Usted.<\/p>\n<p style=\"font-weight: 400;\">El Servicio puede incluir ciertos servicios que est\u00e1n disponibles a trav\u00e9s de dispositivos m\u00f3viles, incluidas (i) la posibilidad de cargar contenido al Servicio a trav\u00e9s de un dispositivo m\u00f3vil, (ii) la posibilidad de navegar por el Servicio y el Dominio Web desde un dispositivo m\u00f3vil dispositivo y (iii) la posibilidad de acceder a ciertas funciones a trav\u00e9s de una aplicaci\u00f3n descargada e instalada en un dispositivo m\u00f3vil ( los &#8220;Servicios m\u00f3viles&#8221;). En la medida en que acceda al Servicio a trav\u00e9s de un dispositivo m\u00f3vil, se pueden aplicar los cargos est\u00e1ndar de su proveedor de servicios inal\u00e1mbricos, tarifas de datos y otras tarifas.<\/p>\n<p style=\"font-weight: 400;\">Independientemente de lo anterior, su operador puede prohibir o restringir la descarga, la instalaci\u00f3n o el uso de ciertos Servicios m\u00f3viles, y es posible que no todos los Servicios m\u00f3viles funcionen con todos los operadores o dispositivos.<\/p>\n<p style=\"font-weight: 400;\">De igual forma, Usted nos autoriza compartir sus n\u00fameros de tel\u00e9fono con nuestras afiliadas o con nuestros proveedores de servicios (como atenci\u00f3n al cliente, empresas de facturaci\u00f3n o cobranza y proveedores de servicios de mensajes de texto) con quienes hemos contratado para ayudarnos a ejercer nuestros derechos o brindar nuestros Servicios en virtud de estos T\u00e9rminos. de Servicio, nuestras pol\u00edticas, la ley aplicable o cualquier otro acuerdo que podamos tener con usted.<\/p>\n<p style=\"font-weight: 400;\">Usted acepta que cualquier persona relacionada podr\u00e1 comunicarse con usted mediante llamadas y mensajes de texto marcados autom\u00e1ticamente o pregrabados, seg\u00fan nuestro reglamento interno, y en caso de que cambie o desactive su n\u00famero de tel\u00e9fono m\u00f3vil, se obliga a actualizar de inmediato la informaci\u00f3n de su cuenta para asegurarse de que sus mensajes sean recibidos \u00fanica y exclusivamente por Usted.<\/p>\n<p style=\"font-weight: 400;\"><strong>LICENCIA LIMITADA<\/strong><\/p>\n<p style=\"font-weight: 400;\">Usted est\u00e1 adquiriendo una licencia limitada y temporal, no exclusiva e intransferible para acceder al Dominio Web y Plataformas de TECH GUMMY BEAR y disfrutar de todo su Contenido a trav\u00e9s del Servicio de Streaming.<\/p>\n<p style=\"font-weight: 400;\">Mediante el uso de la licencia referida, no se le transferir\u00e1 ning\u00fan derecho, expectativa de derecho, t\u00edtulo o semejantes a Usted. Por lo que a partir de este momento, se compromete a no utilizar esto en actividades p\u00fablicas (entendi\u00e9ndose por p\u00fablicas todas aquellas que impliquen una masificaci\u00f3n de gente ya sea de forma digital o f\u00edsica).<\/p>\n<p style=\"font-weight: 400;\"><strong>REVOCACI\u00d3N DE LICENCIA<\/strong><\/p>\n<p style=\"font-weight: 400;\">Nos reservamos el derecho de revocar su licencia en cualquier momento bajo nuestra entera discreci\u00f3n, para lo cual en tal caso, Usted quedar\u00e1 obligado a destruir de inmediato todo el contenido descargado, sus copias, o cualquier objeto material tangible e intangible obtenido de cualquier modo a trav\u00e9s de cualquier Dominio Web, Plataforma o dem\u00e1s que tenga relaci\u00f3n con TECH GUMMY BEAR.<\/p>\n<p style=\"font-weight: 400;\"><strong>MODIFICACIONES E INTERRUPCIONES<\/strong><\/p>\n<p style=\"font-weight: 400;\">TECH GUMMY BEAR se reserva el derecho de modificar o interrumpir, temporal o permanentemente, el Servicio (o cualquier parte del mismo) con o sin previo aviso. Usted acepta que TECH GUMMY BEAR no ser\u00e1 responsable ante usted ni ante ning\u00fan tercero por tal modificaci\u00f3n, suspensi\u00f3n o interrupci\u00f3n del Servicio.<\/p>\n<p style=\"font-weight: 400;\"><strong>USUARIO<\/strong><\/p>\n<p style=\"font-weight: 400;\">Desde el momento en que Usted se encuentra leyendo este documento, est\u00e1 consciente en que en ning\u00fan momento y bajo ninguna circunstancia podr\u00e1 usar la cuenta de otra persona, y del mismo modo no podr\u00e1 proporcionarle a nadie el nombre de usuario y la contrase\u00f1a para acceder a su cuenta, por lo que es responsable de todos y cada una de los acontecimientos que ocurran o puedan llegar a ocurrir desde su cuenta de Usuario.<\/p>\n<p style=\"font-weight: 400;\">Por lo anterior, usted se obliga a notificar inmediatamente a TECH GUMMY BEAR sobre cualquier uso no autorizado de su contrase\u00f1a o cuenta de Usuario, as\u00ed como de cualquier otra violaci\u00f3n de seguridad y a salir de la sesi\u00f3n de su cuenta despu\u00e9s de usarla, eximiendo de cualquier responsabilidad a TECH GUMMY BEAR de cualquier p\u00e9rdida o da\u00f1o que surja de su incumplimiento de esta Secci\u00f3n.<\/p>\n<p style=\"font-weight: 400;\"><strong>CANCELACI\u00d3N DE CUENTAS<\/strong><\/p>\n<p style=\"font-weight: 400;\">Nos reservamos el derecho de cancelar las cuentas que est\u00e9n inactivas durante un largo periodo de tiempo. Adem\u00e1s, reconoce que TECH GUMMY BEAR se reserva el derecho de cambiar estas pr\u00e1cticas y l\u00edmites generales en cualquier momento, a su entera discreci\u00f3n, con o sin previo aviso.<\/p>\n<p style=\"font-weight: 400;\"><strong>TERMINACI\u00d3N DE CUENTAS Y\/O SERVICIO<\/strong><\/p>\n<p style=\"font-weight: 400;\">Usted acepta que TECH GUMMY BEAR, bajo su entera discreci\u00f3n y criterio, podr\u00e1 suspender o cancelar su cuenta o el uso del Servicio, as\u00ed como eliminar y descartar cualquier contenido dentro del Servicio , Dominio Web o sus Plataformas.<\/p>\n<p style=\"font-weight: 400;\">De igual forma. Usted acepta que cualquier terminaci\u00f3n de servicio puede efectuarse sin previo aviso, y reconoce y acepta que TECH GUMMY BEAR puede desactivar o eliminar inmediatamente su cuenta y toda la informaci\u00f3n y archivos relacionados en su cuenta y \/ o prohibir cualquier acceso adicional a dichos archivos o al Servicio. Adem\u00e1s, acepta que TECH GUMMY BEAR no ser\u00e1 responsable ante usted ni ante ning\u00fan tercero por la terminaci\u00f3n de su acceso al Servicio.<\/p>\n<p style=\"font-weight: 400;\"><strong>CONDICIONES DE USO<\/strong><\/p>\n<p style=\"font-weight: 400;\">Usted ser\u00e1 el \u00fanico responsable de todo, video, im\u00e1genes, informaci\u00f3n, datos, texto, software, m\u00fasica, sonido, fotograf\u00edas, gr\u00e1ficos, mensajes (el &#8220;contenido&#8221;) que suba al Dominio Web, publique, adjunte o cargue (por &#8220;cargar&#8221;) por correo electr\u00f3nico o cualquier otro medio. TECH GUMMY BEAR se reserva el derecho de investigar y tomar las acciones legales correspondientes contra cualquier persona viole lo aqu\u00ed estipulado, lo que entre otras cosas abarca eliminar el contenido ofensivo, suspender o cancelar la cuenta de los supuestos infractores, y en su caso de denunciarlos ante las autoridades correspondientes<\/p>\n<p style=\"font-weight: 400;\">Asimismo, Usted se compromete a no usar el Servicio para enviar por correo electr\u00f3nico o cargar cualquier contenido que (i) infrinja cualquier propiedad intelectual u otros derechos de propiedad de cualquier parte; (ii) contenga virus de software o cualquier otro c\u00f3digo, archivos o programas dise\u00f1ados para interrumpir, destruir y\/o limitar la funcionalidad de cualquier software o hardware; (iii) implique un riesgo para la privacidad o la seguridad de cualquier persona o de los datos personales de esta; (iv) sea publicidad no autorizada o indebida, materiales promocionales, actividades comerciales y \/ o ventas, &#8220;spam&#8221;, esquemas piramidales, concursos, o cualquier otra forma de solicitaci\u00f3n; (v) sea ilegal, abusiva, acosador, violento, difamatorio, obsceno, pornogr\u00e1fico, que incite al odio; o (vi) a juicio exclusivo de nosotros, restrinja o afecte a cualquier otra persona de usar o disfrutar el Servicio.<\/p>\n<p style=\"font-weight: 400;\"><strong>CAMBIO DE PRECIOS<\/strong><\/p>\n<p style=\"font-weight: 400;\">TECH GUMMY BEAR tendr\u00e1 el derecho a modificar los precios con un aviso previo de 30 d\u00edas (por cualquier medio), y en caso de que usted contin\u00fae usando el Servicio despu\u00e9s de que el cambio de precio entre en vigencia constituye su conformidad con pagar la nueva tarifa ( y del mismo moto tambi\u00e9n ser\u00e1 responsable de todos los impuestos asociados).<\/p>\n<p style=\"font-weight: 400;\"><strong>\u00a0<\/strong><strong>FACTURA<\/strong><\/p>\n<p style=\"font-weight: 400;\">\u00a0En virtud del pago realizado, Usted nos autoriza a facturar su instrumento de pago (as\u00ed como cualquier impuesto aplicable) hasta que cancele su cuenta,<\/p>\n<p style=\"font-weight: 400;\"><strong>USO COMERCIAL<\/strong><\/p>\n<p style=\"font-weight: 400;\">A menos que TECH GUMMY BEAR autorice por alg\u00fan otro instrumento legal y por escrito lo contrario a lo establecido en el presente instrumento, usted acepta no difundir, distribuir, licenciar, publicar, copiar, modificar, vender, revender, explotar, o cargar con fines comerciales, cualquier parte del Caracter\u00edsticas Particulares.<\/p>\n<p style=\"font-weight: 400;\"><strong>PROPIEDAD INTELECTUAL<\/strong><\/p>\n<p style=\"font-weight: 400;\">Al usar el Dominio Web y sus Plataformas Usted reconoce y acepta que el Servicio puede contener cuestiones (&#8220;Caracter\u00edsticas Particulares&#8221;) que est\u00e1n protegidos por derechos de autor, patentes, marcas comerciales, avisos comerciales, derechos de Propiedad Industrial e Intelectual, por lo que de ning\u00fan modo se le autoriza modificar, copiar, enmarcar, vender, distribuir o crear trabajos derivados basados \u200b\u200ben estos derechos propiedad de TECH GUMMY BEAR, en su totalidad o en parte.<\/p>\n<p style=\"font-weight: 400;\">El nombre, slogan y los logotipos de TECH GUMMY BEAR son marcas y avisos comerciales de TECH GUMMY BEAR (en conjunto, los &#8220;Signos Distintivos de TECH GUMMY BEAR&#8221;), por lo que de ninguna forma deber\u00e1 entenderse que estas se conceden al Usuario como una concesi\u00f3n, licencia o derecho alguno.<\/p>\n<p style=\"font-weight: 400;\">Asimismo, bajo ninguna circunstancia TECH GUMMY BEAR ser\u00e1 responsable por cualquier contenido o material subido por alg\u00fan tercero (incluidos los usuarios), lo anterior, toda vez que todos estos son conscientes que TECH GUMMY BEAR no revisa ni autoriza el contenido. Por lo cual, TECH GUMMY BEAR podr\u00e1 tener el derecho unilateral de eliminar cualquier contenido que est\u00e9 disponible a trav\u00e9s del Servicio, si es que su criterio considera no es apropiado.<\/p>\n<p style=\"font-weight: 400;\">Con respecto al contenido u otros materiales que Usted sube o Carga a trav\u00e9s del Servicio, Usted declara que posee todos los derechos, por lo que al cargar\/subir al Dominio Web y sus plataformas cualquier Contenido, usted otorga y otorgar\u00e1 a TECH GUMMY BEAR, sus compa\u00f1\u00edas afiliadas y socios una regal\u00eda no exclusiva, mundial, una Licencia gratuita y totalmente pagada, transferible, sublicenciable, perpetua e irrevocable para copiar, mostrar, cargar, adaptar, realizar, publicar, distribuir, almacenar, modificar, utilizar y explotar de cualquier modo en todos y cada uno de los medios, formas, tecnolog\u00edas o m\u00e9todos de distribuci\u00f3n ahora conocidos o por desarrollar.<\/p>\n<p style=\"font-weight: 400;\"><strong>RECLAMACIONES DE DERECHOS DE AUTOR<\/strong><\/p>\n<p style=\"font-weight: 400;\">Si Used considera que su trabajo, obras, o signos distintivos han sido copiados de una manera que constituye una infracci\u00f3n de derechos de autor, de comercio, marcaria, o que sus derechos de propiedad intelectual han sido violados de otra manera, deber\u00e1 notificar a TECH GUMMY BEAR de cualquier reclamo o acci\u00f3n legal iniciada al siguiente correo electr\u00f3nico en un lapso no menor a 3 d\u00edas a partir de la interposici\u00f3n de tal acci\u00f3n: ________________________<\/p>\n<p style=\"font-weight: 400;\">Al realizar tal aviso, deber\u00e1 acompa\u00f1ar el documento que acredite la acci\u00f3n legal iniciada, la firma del titular (o representante) que se considere afectado , una descripci\u00f3n de d\u00f3nde se encuentra (virtualmente o dominio) que afirma que se est\u00e1 infringiendo, una direcci\u00f3n de correo electr\u00f3nico, una declaraci\u00f3n suya bajo protesta de decir verdad que el uso en disputa no est\u00e1 autorizado por el propietario de los derechos de autor o propiedad intelectual, o por la ley.<\/p>\n<p style=\"font-weight: 400;\">En este aspecto, TECH GUMMY BEAR tomar\u00e1 las acciones que considere adecuadas a su entero criterio, de conformidad con las pruebas que en su momento ofrezca el otro Usuario, a lo cual tendr\u00e1 la facultad m\u00e1s no la obligaci\u00f3n de bajar el contenido sin repercusi\u00f3n alguna.<\/p>\n<p style=\"font-weight: 400;\"><strong>DATOS PERSONALES<\/strong><\/p>\n<p style=\"font-weight: 400;\">Para conocer el tratamiento que se le dar\u00e1 a sus Datos Personales, lo invitamos a revisar nuestro Aviso de Privacidad contenido en el presente Dominio Web.<\/p>\n<p style=\"font-weight: 400;\">De igual forma, se entiende que si usted usa el presente Dominio Web o cualquier plataforma de TECH GUMMY BEAR ser\u00e1 porque usted ha le\u00eddo, comprendido y aceptado todo lo contenido en el Aviso de Privacidad, y que se encuentra conforme con el tratamiento de sus Datos Personales.<\/p>\n<p style=\"font-weight: 400;\"><strong>INDEMNIZACI\u00d3N<\/strong><\/p>\n<p style=\"font-weight: 400;\">Desde este momento Usted acepta y se compromete a liberar, indemnizar y mantener a TECH GUMMY BEAR y sus afiliados y sus funcionarios, empleados, directores y agentes de cualquier p\u00e9rdida, da\u00f1o, detrimento, perjuicio o gasto, a pagar las costas legales correspondientes y a sacar en paz y a salvo a TECH GUMMY BEAR seg\u00fan pudiera seg\u00fan pudiera llegar a corresponder.<\/p>\n<p style=\"font-weight: 400;\"><strong>EXCLUSI\u00d3N DE RESPONSABILIDAD<\/strong><\/p>\n<p style=\"font-weight: 400;\">TECH GUMMY BEAR no declara, promete, ni garantiza que (i) el Servicio cumplir\u00e1 con lo aqu\u00ed establecido, (ii) el Servicio ser\u00e1 ininterrumpido, oportuno, seguro o libre de errores, (iii) los resultados que se puedan obtener del uso del Servicio ser\u00e1n exacto o confiable, o (iv) la calidad de cualquier producto, servicio, informaci\u00f3n u otro material comprado u obtenido por usted a trav\u00e9s del Servicio cumplir\u00e1 con sus expectativas.<\/p>\n<p style=\"font-weight: 400;\">Asimismo, Usted entiende y acepta expresamente que TECH GUMMY BEAR no ser\u00e1 responsable de ning\u00fan da\u00f1o o perjuicio directo, indirecto, incidental, ya sea por, resultado de: (i) el uso o la incapacidad de utilizar el servicio; (ii) el costo de adquisici\u00f3n de bienes y servicios sustitutivos que resulten de cualquier bien, datos, informaci\u00f3n o servicios comprados u obtenidos o mensajes recibidos o transacciones realizadas a trav\u00e9s del servicio o desde el servicio; (iii) acceso no autorizado o alteraci\u00f3n de sus transmisiones o datos; (iv) declaraciones o conducta de cualquier tercero en el servicio; o (v) cualquier otro asunto relacionado con el servicio. en ning\u00fan caso la responsabilidad total de TECH GUMMY BEAR ante usted por todos los da\u00f1os, p\u00e9rdidas o causas de acci\u00f3n exceder\u00e1 la cantidad que ha pagado en los \u00faltimos tres meses.<\/p>\n<p style=\"font-weight: 400;\"><strong>DISPUTAS ENTRE USUARIOS<\/strong><\/p>\n<p style=\"font-weight: 400;\">Usted acepta que es el \u00fanico responsable de sus interacciones con cualquier otro usuario en relaci\u00f3n con el Servicio y TECH GUMMY BEAR no tendr\u00e1 responsabilidad alguna con respecto a ello. TECH GUMMY BEAR se reserva el derecho, pero no tiene la obligaci\u00f3n, de involucrarse de ninguna manera en disputas entre usted y cualquier otro usuario del Servicio.<\/p>\n<p style=\"font-weight: 400;\"><strong>CONCILIACI\u00d3N Y ARBITRAJE<\/strong><\/p>\n<p style=\"font-weight: 400;\">Desde este momento, Usted se compromete a que previo iniciar cualquier acci\u00f3n en contra de nosotros, se pondr\u00e1 en contacto con nosotros en _______@, y proporcionar\u00e1 una breve descripci\u00f3n por escrito de la controversia y su informaci\u00f3n de contacto (incluido su nombre de usuario). Para esto, las partes acuerdan hacer sus mejores esfuerzos para resolver cualquier disputa, reclamaci\u00f3n, pregunta o desacuerdo directamente a trav\u00e9s de consultas, negociaciones de buena fe y conciliaci\u00f3n previa, requisito que ser\u00e1 indispensable antes de que cualquiera de las partes inicie una demanda o arbitraje.<\/p>\n<p style=\"font-weight: 400;\">Todas las disputas, reclamos, juicios, litigios o controversias que surjan de o est\u00e9n relacionados con los T\u00e9rminos de servicio o el Servicio que no se resuelvan mediante los procedimientos identificados anteriormente se resolver\u00e1n mediante arbitraje vinculante individual que se llevar\u00e1 a cabo ante<\/p>\n<p style=\"font-weight: 400;\"><strong>CESI\u00d3N<\/strong><\/p>\n<p style=\"font-weight: 400;\">Desde este momento, Usted acuerda que no podr\u00e1 ceder o transferir los derechos y obligaciones que le corresponden de conformidad con estos T\u00e9rminos de servicio, en su totalidad o en parte, sin restricci\u00f3n. Los t\u00edtulos de las secciones en estos T\u00e9rminos de servicio son solo para conveniencia y no tienen ning\u00fan efecto legal o contractual. Los avisos se le pueden enviar por correo electr\u00f3nico o por correo postal. Bajo ninguna circunstancia TECH GUMMY BEAR ser\u00e1 responsable por cualquier retraso o falla en el desempe\u00f1o que resulte directa o indirectamente de un evento fuera de su control razonable. El Servicio tambi\u00e9n puede proporcionarle avisos de cambios a estos T\u00e9rminos de servicio u otros asuntos mostrando avisos o enlaces a avisos generalmente en el Servicio.<\/p>\n<p style=\"font-weight: 400;\"><strong>ACUERDO TOTAL<\/strong><\/p>\n<p style=\"font-weight: 400;\">Estos T\u00e9rminos de servicio constituyen el acuerdo completo entre usted y TECH GUMMY BEAR, reemplazando cualquier acuerdo anterior entre usted, TECH GUMMY BEAR y cualquier otro usuario con respecto al Servicio. Usted acepta que, independientemente de cualquier estipulaci\u00f3n en privado o en ley, cualquier reclamo que surja de o est\u00e9 relacionado con el uso del Servicio o estos T\u00e9rminos debr\u00e1 presentarse dentro de un un a\u00f1o despu\u00e9s al acontecimiento que se pretenda reclamar.<\/p>\n\t\t\n<style>\n#text-2347228344 {\n  color: rgb(0,0,0);\n}\n#text-2347228344 > * {\n  color: rgb(0,0,0);\n}\n<\/style>\n\t<\/div>","protected":false},"excerpt":{"rendered":"","protected":false},"author":1,"featured_media":0,"parent":0,"menu_order":0,"comment_status":"closed","ping_status":"closed","template":"","meta":{"footnotes":""},"class_list":["post-564","page","type-page","status-publish","hentry"],"_links":{"self":[{"href":"https:\/\/techgummybear.com\/en\/wp-json\/wp\/v2\/pages\/564","targetHints":{"allow":["GET"]}}],"collection":[{"href":"https:\/\/techgummybear.com\/en\/wp-json\/wp\/v2\/pages"}],"about":[{"href":"https:\/\/techgummybear.com\/en\/wp-json\/wp\/v2\/types\/page"}],"author":[{"embeddable":true,"href":"https:\/\/techgummybear.com\/en\/wp-json\/wp\/v2\/users\/1"}],"replies":[{"embeddable":true,"href":"https:\/\/techgummybear.com\/en\/wp-json\/wp\/v2\/comments?post=564"}],"version-history":[{"count":3,"href":"https:\/\/techgummybear.com\/en\/wp-json\/wp\/v2\/pages\/564\/revisions"}],"predecessor-version":[{"id":572,"href":"https:\/\/techgummybear.com\/en\/wp-json\/wp\/v2\/pages\/564\/revisions\/572"}],"wp:attachment":[{"href":"https:\/\/techgummybear.com\/en\/wp-json\/wp\/v2\/media?parent=564"}],"curies":[{"name":"wp","href":"https:\/\/api.w.org\/{rel}","templated":true}]}}